{"id":32,"date":"2025-04-30T10:28:19","date_gmt":"2025-04-30T13:28:19","guid":{"rendered":"https:\/\/novo.casasdalia.com.br\/?page_id=32"},"modified":"2025-10-18T05:50:25","modified_gmt":"2025-10-18T08:50:25","slug":"casas-da-lia-trancoso","status":"publish","type":"page","link":"https:\/\/www.casasdalia.com.br\/en\/","title":{"rendered":"Casas da Lia Trancoso"},"content":{"rendered":"<div data-elementor-type=\"wp-page\" data-elementor-id=\"32\" class=\"elementor elementor-32\">\n\t\t\t\t<div class=\"elementor-element elementor-element-d861cca e-con-full e-flex e-con e-parent\" data-id=\"d861cca\" data-element_type=\"container\" data-e-type=\"container\">\n\t\t\t\t<div class=\"elementor-element elementor-element-b7f73c1 elementor-widget__width-inherit elementor-widget elementor-widget-prime-slider-dragon\" data-id=\"b7f73c1\" data-element_type=\"widget\" data-e-type=\"widget\" data-widget_type=\"prime-slider-dragon.default\">\n\t\t\t\t<div class=\"elementor-widget-container\">\n\t\t\t\t\t\t\t<div class=\"bdt-prime-slider\">\n\t\t\t<div class=\"bdt-prime-slider-dragon\">\n\t\t\t\t<div class=\"bdt-position-relative bdt-visible-toggle\" data-settings=\"{&quot;id&quot;:&quot;#bdt-b7f73c1&quot;,&quot;animation_status&quot;:&quot;no&quot;}\" id=\"bdt-b7f73c1\" bdt-slideshow=\"{&quot;animation&quot;:&quot;fade&quot;,&quot;ratio&quot;:false,&quot;min-height&quot;:false,&quot;autoplay&quot;:true,&quot;autoplay-interval&quot;:7000,&quot;pause-on-hover&quot;:false,&quot;velocity&quot;:1,&quot;finite&quot;:false}\">\n\t\t\t\t\t<ul class=\"bdt-slideshow-items\">\n\t\t\t\t\t\t\t\t<li class=\"bdt-slideshow-item bdt-flex bdt-flex-middle elementor-repeater-item-1aee62e\">\n\n\t\t\t<div class=\"bdt-ps-dragon-bg\">\n\t\t\t\t\n\t\t\t\t\t\t<div class=\"bdt-ps-slide-img\"\n\t\t\t\t\t\t\tstyle=\"background-image: url('https:\/\/www.casasdalia.com.br\/wp-content\/uploads\/2025\/06\/casas-da-lia-quadrado-vista-para-mar-trancoso-bahia-scaled.webp')\"><\/div>\n\n\t\t\t\t\t\t\t\t\t<\/div>\n\n\t\t\t<div class=\"bdt-ps-dragon-slide-image\">\n\t\t\t\t\n\t\t\t\t\t\t<div class=\"bdt-ps-slide-img\"\n\t\t\t\t\t\t\tstyle=\"background-image: url('https:\/\/www.casasdalia.com.br\/wp-content\/uploads\/2025\/06\/casas-da-lia-quadrado-vista-para-mar-trancoso-bahia-scaled.webp')\"><\/div>\n\n\t\t\t\t\t\t\t\t\t<\/div>\n\n\t\t\t\t\t\t\n\t\t\t\t\t<div class=\"bdt-prime-slider-wrapper\">\n\t\t\t<div class=\"bdt-prime-slider-content\">\n\n\t\t\t\t\n\t\t\t\t\n\t\t\t\t\n\t\t\t\t<div data-bdt-slideshow-parallax=\"x: 400,-400; opacity: 1,1,0\">\n\t\t\t\t\t\n\t\t\t\t\t\t<\/div>\n\t\t\t\t\t\n\t\t\t<\/div>\n\t\t<\/div>\n        \n\t\t<\/li>\n        \t\t<li class=\"bdt-slideshow-item bdt-flex bdt-flex-middle elementor-repeater-item-f9f584a\">\n\n\t\t\t<div class=\"bdt-ps-dragon-bg\">\n\t\t\t\t\n\t\t\t\t\t\t<div class=\"bdt-ps-slide-img\"\n\t\t\t\t\t\t\tstyle=\"background-image: url('https:\/\/www.casasdalia.com.br\/wp-content\/uploads\/2025\/10\/casas-da-lia-quadrado-trancoso-piscina-vista-mar.jpeg')\"><\/div>\n\n\t\t\t\t\t\t\t\t\t<\/div>\n\n\t\t\t<div class=\"bdt-ps-dragon-slide-image\">\n\t\t\t\t\n\t\t\t\t\t\t<div class=\"bdt-ps-slide-img\"\n\t\t\t\t\t\t\tstyle=\"background-image: url('https:\/\/www.casasdalia.com.br\/wp-content\/uploads\/2025\/10\/casas-da-lia-quadrado-trancoso-piscina-vista-mar.jpeg')\"><\/div>\n\n\t\t\t\t\t\t\t\t\t<\/div>\n\n\t\t\t\t\t\t\n\t\t\t\t\t<div class=\"bdt-prime-slider-wrapper\">\n\t\t\t<div class=\"bdt-prime-slider-content\">\n\n\t\t\t\t\n\t\t\t\t\n\t\t\t\t\n\t\t\t\t<div data-bdt-slideshow-parallax=\"x: 400,-400; opacity: 1,1,0\">\n\t\t\t\t\t\n\t\t\t\t\t\t<\/div>\n\t\t\t\t\t\n\t\t\t<\/div>\n\t\t<\/div>\n        \n\t\t<\/li>\n        \t\t<li class=\"bdt-slideshow-item bdt-flex bdt-flex-middle elementor-repeater-item-f6b3b22\">\n\n\t\t\t<div class=\"bdt-ps-dragon-bg\">\n\t\t\t\t\n\t\t\t\t\t\t<div class=\"bdt-ps-slide-img\"\n\t\t\t\t\t\t\tstyle=\"background-image: url('https:\/\/www.casasdalia.com.br\/wp-content\/uploads\/2025\/10\/Casa-Laranja.jpg')\"><\/div>\n\n\t\t\t\t\t\t\t\t\t<\/div>\n\n\t\t\t<div class=\"bdt-ps-dragon-slide-image\">\n\t\t\t\t\n\t\t\t\t\t\t<div class=\"bdt-ps-slide-img\"\n\t\t\t\t\t\t\tstyle=\"background-image: url('https:\/\/www.casasdalia.com.br\/wp-content\/uploads\/2025\/10\/Casa-Laranja.jpg')\"><\/div>\n\n\t\t\t\t\t\t\t\t\t<\/div>\n\n\t\t\t\t\t\t\n\t\t\t\t\t<div class=\"bdt-prime-slider-wrapper\">\n\t\t\t<div class=\"bdt-prime-slider-content\">\n\n\t\t\t\t\n\t\t\t\t\n\t\t\t\t\n\t\t\t\t<div data-bdt-slideshow-parallax=\"x: 400,-400; opacity: 1,1,0\">\n\t\t\t\t\t\n\t\t\t\t\t\t<\/div>\n\t\t\t\t\t\n\t\t\t<\/div>\n\t\t<\/div>\n        \n\t\t<\/li>\n        \n\t\t\t\t\t<\/ul>\n\n\t\t\t\t\t            \n        \t\t\t\t\t\n\t\t\t\t<\/div>\n\t\t\t\t\t\t\t<\/div>\n\t\t<\/div>\n        \t\t\t\t<\/div>\n\t\t\t\t<\/div>\n\t\t\t\t<\/div>\n\t\t<div class=\"elementor-element elementor-element-0c42f8e e-con-full e-flex e-con e-parent\" data-id=\"0c42f8e\" data-element_type=\"container\" data-e-type=\"container\">\n\t\t<div class=\"elementor-element elementor-element-65979e0 e-con-full e-flex e-con e-child\" data-id=\"65979e0\" data-element_type=\"container\" data-e-type=\"container\">\n\t\t<div class=\"elementor-element elementor-element-05dc683 e-con-full e-flex e-con e-child\" data-id=\"05dc683\" data-element_type=\"container\" data-e-type=\"container\">\n\t\t\t\t<div class=\"elementor-element elementor-element-840a1f4 elementor-widget elementor-widget-text-editor\" data-id=\"840a1f4\" data-element_type=\"widget\" data-e-type=\"widget\" data-widget_type=\"text-editor.default\">\n\t\t\t\t<div class=\"elementor-widget-container\">\n\t\t\t\t\t\t\t\t\t<div style=\"box-sizing: inherit; color: #1c1c1c; margin-bottom: 25px !important;\"><h4 style=\"box-sizing: inherit; margin-top: 0px; margin-bottom: 1rem; font-weight: 600 !important; color: #8badd3 !important; letter-spacing: 3px;\"><strong>In the Quadrado, the heart of Trancoso!<\/strong><\/h4><\/div><div style=\"box-sizing: inherit; margin-bottom: 35px; opacity: 1; animation: 1s cubic-bezier(0.175, 0.885, 0.32, 1.275) 0s 1 normal both running wpb_btt; color: #1c1c1c;\"><div style=\"box-sizing: inherit; margin-bottom: 0px;\"><p style=\"box-sizing: inherit; margin-top: 0px; margin-bottom: 1rem;\">It's the ideal place to get inspired, relax and create. You can see the moonrise and the sunrise from here.<br style=\"box-sizing: inherit;\" \/>On new moon nights, when it's darkest, it's a delight to get lost looking at the star-studded sky.<br style=\"box-sizing: inherit;\" \/>The garden, which is a piece of Atlantic forest, receives daily visits from birds, monkeys and sloths.<\/p><\/div><\/div>\t\t\t\t\t\t\t\t<\/div>\n\t\t\t\t<\/div>\n\t\t\t\t<\/div>\n\t\t<div class=\"elementor-element elementor-element-c3984e1 e-con-full e-flex e-con e-child\" data-id=\"c3984e1\" data-element_type=\"container\" data-e-type=\"container\">\n\t\t\t\t<div class=\"elementor-element elementor-element-545261d elementor-tabs-alignment-center elementor-tabs-view-horizontal elementor-widget elementor-widget-tabs\" data-id=\"545261d\" data-element_type=\"widget\" data-e-type=\"widget\" data-widget_type=\"tabs.default\">\n\t\t\t\t<div class=\"elementor-widget-container\">\n\t\t\t\t\t\t\t<div class=\"elementor-tabs\">\n\t\t\t<div class=\"elementor-tabs-wrapper\" role=\"tablist\" >\n\t\t\t\t\t\t\t\t\t<div id=\"elementor-tab-title-8841\" class=\"elementor-tab-title elementor-tab-desktop-title\" aria-selected=\"true\" data-tab=\"1\" role=\"tab\" tabindex=\"0\" aria-controls=\"elementor-tab-content-8841\" aria-expanded=\"false\">Casa Grande<\/div>\n\t\t\t\t\t\t\t\t\t<div id=\"elementor-tab-title-8842\" class=\"elementor-tab-title elementor-tab-desktop-title\" aria-selected=\"false\" data-tab=\"2\" role=\"tab\" tabindex=\"-1\" aria-controls=\"elementor-tab-content-8842\" aria-expanded=\"false\">Orange House<\/div>\n\t\t\t\t\t\t\t\t\t<div id=\"elementor-tab-title-8843\" class=\"elementor-tab-title elementor-tab-desktop-title\" aria-selected=\"false\" data-tab=\"3\" role=\"tab\" tabindex=\"-1\" aria-controls=\"elementor-tab-content-8843\" aria-expanded=\"false\">Little house<\/div>\n\t\t\t\t\t\t\t<\/div>\n\t\t\t<div class=\"elementor-tabs-content-wrapper\" role=\"tablist\" aria-orientation=\"vertical\">\n\t\t\t\t\t\t\t\t\t<div class=\"elementor-tab-title elementor-tab-mobile-title\" aria-selected=\"true\" data-tab=\"1\" role=\"tab\" tabindex=\"0\" aria-controls=\"elementor-tab-content-8841\" aria-expanded=\"false\">Casa Grande<\/div>\n\t\t\t\t\t<div id=\"elementor-tab-content-8841\" class=\"elementor-tab-content elementor-clearfix\" data-tab=\"1\" role=\"tabpanel\" aria-labelledby=\"elementor-tab-title-8841\" tabindex=\"0\" hidden=\"false\"><h4 style=\"text-align: center;\"><a href=\"https:\/\/www.casasdalia.com.br\/en\/casa-grande\/\"><img fetchpriority=\"high\" decoding=\"async\" class=\"wp-image-2251 aligncenter\" src=\"https:\/\/www.casasdalia.com.br\/wp-content\/uploads\/2025\/06\/casasdalia-trancoso-quadrado-hospedagem.webp\" alt=\"\" width=\"600\" height=\"400\" srcset=\"https:\/\/www.casasdalia.com.br\/wp-content\/uploads\/2025\/06\/casasdalia-trancoso-quadrado-hospedagem.webp 768w, https:\/\/www.casasdalia.com.br\/wp-content\/uploads\/2025\/06\/casasdalia-trancoso-quadrado-hospedagem-300x200.webp 300w\" sizes=\"(max-width: 600px) 100vw, 600px\" \/><\/a><br \/>Casa Grande<\/h4><p style=\"text-align: center;\">3 suites, 6 people, swimming pool<\/p><\/div>\n\t\t\t\t\t\t\t\t\t<div class=\"elementor-tab-title elementor-tab-mobile-title\" aria-selected=\"false\" data-tab=\"2\" role=\"tab\" tabindex=\"-1\" aria-controls=\"elementor-tab-content-8842\" aria-expanded=\"false\">Orange House<\/div>\n\t\t\t\t\t<div id=\"elementor-tab-content-8842\" class=\"elementor-tab-content elementor-clearfix\" data-tab=\"2\" role=\"tabpanel\" aria-labelledby=\"elementor-tab-title-8842\" tabindex=\"0\" hidden=\"hidden\"><h4><a href=\"https:\/\/www.casasdalia.com.br\/en\/casa-laranja\/\"><img decoding=\"async\" class=\"wp-image-63 aligncenter\" src=\"https:\/\/www.casasdalia.com.br\/wp-content\/uploads\/2025\/05\/Casa-Com-vista-mar-piscina-Quadrado-trancoso-2-suites-3-suites-1024x683.webp\" alt=\"\" width=\"600\" height=\"400\" srcset=\"https:\/\/www.casasdalia.com.br\/wp-content\/uploads\/2025\/05\/Casa-Com-vista-mar-piscina-Quadrado-trancoso-2-suites-3-suites-1024x683.webp 1024w, https:\/\/www.casasdalia.com.br\/wp-content\/uploads\/2025\/05\/Casa-Com-vista-mar-piscina-Quadrado-trancoso-2-suites-3-suites-300x200.webp 300w, https:\/\/www.casasdalia.com.br\/wp-content\/uploads\/2025\/05\/Casa-Com-vista-mar-piscina-Quadrado-trancoso-2-suites-3-suites-768x512.webp 768w, https:\/\/www.casasdalia.com.br\/wp-content\/uploads\/2025\/05\/Casa-Com-vista-mar-piscina-Quadrado-trancoso-2-suites-3-suites-1536x1024.webp 1536w, https:\/\/www.casasdalia.com.br\/wp-content\/uploads\/2025\/05\/Casa-Com-vista-mar-piscina-Quadrado-trancoso-2-suites-3-suites.webp 1620w\" sizes=\"(max-width: 600px) 100vw, 600px\" \/><\/a><\/h4><h4 style=\"text-align: center;\">Orange House<\/h4><p style=\"text-align: center;\">6 people, 3 suites, swimming pool<\/p><\/div>\n\t\t\t\t\t\t\t\t\t<div class=\"elementor-tab-title elementor-tab-mobile-title\" aria-selected=\"false\" data-tab=\"3\" role=\"tab\" tabindex=\"-1\" aria-controls=\"elementor-tab-content-8843\" aria-expanded=\"false\">Little house<\/div>\n\t\t\t\t\t<div id=\"elementor-tab-content-8843\" class=\"elementor-tab-content elementor-clearfix\" data-tab=\"3\" role=\"tabpanel\" aria-labelledby=\"elementor-tab-title-8843\" tabindex=\"0\" hidden=\"hidden\"><p><a href=\"https:\/\/www.casasdalia.com.br\/en\/casinha\/\"><img decoding=\"async\" class=\"wp-image-2861 aligncenter\" src=\"https:\/\/www.casasdalia.com.br\/wp-content\/uploads\/2025\/10\/lia-pequena-decoracao-1-entrada-casa-rustica-1024x682.jpg\" alt=\"\" width=\"600\" height=\"400\" srcset=\"https:\/\/www.casasdalia.com.br\/wp-content\/uploads\/2025\/10\/lia-pequena-decoracao-1-entrada-casa-rustica-1024x682.jpg 1024w, https:\/\/www.casasdalia.com.br\/wp-content\/uploads\/2025\/10\/lia-pequena-decoracao-1-entrada-casa-rustica-300x200.jpg 300w, https:\/\/www.casasdalia.com.br\/wp-content\/uploads\/2025\/10\/lia-pequena-decoracao-1-entrada-casa-rustica-768x512.jpg 768w, https:\/\/www.casasdalia.com.br\/wp-content\/uploads\/2025\/10\/lia-pequena-decoracao-1-entrada-casa-rustica-1536x1024.jpg 1536w, https:\/\/www.casasdalia.com.br\/wp-content\/uploads\/2025\/10\/lia-pequena-decoracao-1-entrada-casa-rustica-2048x1365.jpg 2048w\" sizes=\"(max-width: 600px) 100vw, 600px\" \/><\/a><\/p><h4 style=\"text-align: center;\">Little house<\/h4><p style=\"text-align: center;\">2 people, 1 suite<\/p><\/div>\n\t\t\t\t\t\t\t<\/div>\n\t\t<\/div>\n\t\t\t\t\t\t<\/div>\n\t\t\t\t<\/div>\n\t\t\t\t<\/div>\n\t\t\t\t<\/div>\n\t\t\t\t<\/div>\n\t\t<div class=\"elementor-element elementor-element-a5fa3ef e-flex e-con-boxed e-con e-parent\" data-id=\"a5fa3ef\" data-element_type=\"container\" data-e-type=\"container\">\n\t\t\t\t\t<div class=\"e-con-inner\">\n\t\t\t\t<div class=\"elementor-element elementor-element-cc71b30 elementor-widget-divider--view-line elementor-widget elementor-widget-divider\" data-id=\"cc71b30\" data-element_type=\"widget\" data-e-type=\"widget\" data-widget_type=\"divider.default\">\n\t\t\t\t<div class=\"elementor-widget-container\">\n\t\t\t\t\t\t\t<div class=\"elementor-divider\">\n\t\t\t<span class=\"elementor-divider-separator\">\n\t\t\t\t\t\t<\/span>\n\t\t<\/div>\n\t\t\t\t\t\t<\/div>\n\t\t\t\t<\/div>\n\t\t\t\t\t<\/div>\n\t\t\t\t<\/div>\n\t\t<div class=\"elementor-element elementor-element-fbaec7b e-flex e-con-boxed e-con e-parent\" data-id=\"fbaec7b\" data-element_type=\"container\" data-e-type=\"container\">\n\t\t\t\t\t<div class=\"e-con-inner\">\n\t\t\t\t<div class=\"elementor-element elementor-element-1f95887 elementor-widget elementor-widget-video\" data-id=\"1f95887\" data-element_type=\"widget\" data-e-type=\"widget\" data-settings=\"{&quot;youtube_url&quot;:&quot;https:\\\/\\\/www.youtube.com\\\/watch?v=Lj0i3Mzz8rg&quot;,&quot;video_type&quot;:&quot;youtube&quot;,&quot;controls&quot;:&quot;yes&quot;}\" data-widget_type=\"video.default\">\n\t\t\t\t<div class=\"elementor-widget-container\">\n\t\t\t\t\t\t\t<div class=\"elementor-wrapper elementor-open-inline\">\n\t\t\t<div class=\"elementor-video\"><\/div>\t\t<\/div>\n\t\t\t\t\t\t<\/div>\n\t\t\t\t<\/div>\n\t\t\t\t\t<\/div>\n\t\t\t\t<\/div>\n\t\t\t\t<\/div>","protected":false},"excerpt":{"rendered":"<p>No Quadrado, o cora\u00e7\u00e3o de Trancoso! \u00c9 o lugar ideal para se inspirar, relaxar e criar. Daqui, se v\u00ea o nascer da lua e do sol.Nas noites de lua nova, quando est\u00e1 mais escuro, \u00e9 uma del\u00edcia se perder olhando o c\u00e9u salpicado de estrelas.O jardim, que \u00e9 um peda\u00e7o da mata atl\u00e2ntica, recebe a [&hellip;]<\/p>\n","protected":false},"author":1,"featured_media":76,"parent":0,"menu_order":0,"comment_status":"closed","ping_status":"closed","template":"elementor_header_footer","meta":{"footnotes":""},"class_list":["post-32","page","type-page","status-publish","has-post-thumbnail","hentry"],"yoast_head":"<!-- This site is optimized with the Yoast SEO plugin v27.2 - https:\/\/yoast.com\/product\/yoast-seo-wordpress\/ -->\n<title>Casas da Lia Trancoso - Casas da Lia<\/title>\n<meta name=\"robots\" content=\"index, follow, max-snippet:-1, max-image-preview:large, max-video-preview:-1\" \/>\n<link rel=\"canonical\" href=\"https:\/\/www.casasdalia.com.br\/en\/\" \/>\n<meta property=\"og:locale\" content=\"en_US\" \/>\n<meta property=\"og:type\" content=\"article\" \/>\n<meta property=\"og:title\" content=\"Casas da Lia Trancoso - Casas da Lia\" \/>\n<meta property=\"og:description\" content=\"No Quadrado, o cora\u00e7\u00e3o de Trancoso! \u00c9 o lugar ideal para se inspirar, relaxar e criar. Daqui, se v\u00ea o nascer da lua e do sol.Nas noites de lua nova, quando est\u00e1 mais escuro, \u00e9 uma del\u00edcia se perder olhando o c\u00e9u salpicado de estrelas.O jardim, que \u00e9 um peda\u00e7o da mata atl\u00e2ntica, recebe a [&hellip;]\" \/>\n<meta property=\"og:url\" content=\"https:\/\/www.casasdalia.com.br\/en\/\" \/>\n<meta property=\"og:site_name\" content=\"Casas da Lia\" \/>\n<meta property=\"article:publisher\" content=\"https:\/\/www.facebook.com\/CasasDaLia\/\" \/>\n<meta property=\"article:modified_time\" content=\"2025-10-18T08:50:25+00:00\" \/>\n<meta property=\"og:image\" content=\"https:\/\/www.casasdalia.com.br\/wp-content\/uploads\/2025\/06\/casas-da-lia-quadrado-vista-para-mar-trancoso-bahia-piscina-scaled.webp\" \/>\n\t<meta property=\"og:image:width\" content=\"1920\" \/>\n\t<meta property=\"og:image:height\" content=\"1280\" \/>\n\t<meta property=\"og:image:type\" content=\"image\/webp\" \/>\n<meta name=\"twitter:card\" content=\"summary_large_image\" \/>\n<meta name=\"twitter:label1\" content=\"Est. reading time\" \/>\n\t<meta name=\"twitter:data1\" content=\"2 minutes\" \/>\n<script type=\"application\/ld+json\" class=\"yoast-schema-graph\">{\"@context\":\"https:\/\/schema.org\",\"@graph\":[{\"@type\":\"WebPage\",\"@id\":\"https:\/\/www.casasdalia.com.br\/\",\"url\":\"https:\/\/www.casasdalia.com.br\/\",\"name\":\"Casas da Lia Trancoso - Casas da Lia\",\"isPartOf\":{\"@id\":\"https:\/\/www.casasdalia.com.br\/#website\"},\"primaryImageOfPage\":{\"@id\":\"https:\/\/www.casasdalia.com.br\/#primaryimage\"},\"image\":{\"@id\":\"https:\/\/www.casasdalia.com.br\/#primaryimage\"},\"thumbnailUrl\":\"https:\/\/www.casasdalia.com.br\/wp-content\/uploads\/2025\/06\/casas-da-lia-quadrado-vista-para-mar-trancoso-bahia-piscina-scaled.webp\",\"datePublished\":\"2025-04-30T13:28:19+00:00\",\"dateModified\":\"2025-10-18T08:50:25+00:00\",\"breadcrumb\":{\"@id\":\"https:\/\/www.casasdalia.com.br\/#breadcrumb\"},\"inLanguage\":\"en-US\",\"potentialAction\":[{\"@type\":\"ReadAction\",\"target\":[\"https:\/\/www.casasdalia.com.br\/\"]}]},{\"@type\":\"ImageObject\",\"inLanguage\":\"en-US\",\"@id\":\"https:\/\/www.casasdalia.com.br\/#primaryimage\",\"url\":\"https:\/\/www.casasdalia.com.br\/wp-content\/uploads\/2025\/06\/casas-da-lia-quadrado-vista-para-mar-trancoso-bahia-piscina-scaled.webp\",\"contentUrl\":\"https:\/\/www.casasdalia.com.br\/wp-content\/uploads\/2025\/06\/casas-da-lia-quadrado-vista-para-mar-trancoso-bahia-piscina-scaled.webp\",\"width\":1920,\"height\":1280},{\"@type\":\"BreadcrumbList\",\"@id\":\"https:\/\/www.casasdalia.com.br\/#breadcrumb\",\"itemListElement\":[{\"@type\":\"ListItem\",\"position\":1,\"name\":\"In\u00edcio\",\"item\":\"https:\/\/www.casasdalia.com.br\/\"},{\"@type\":\"ListItem\",\"position\":2,\"name\":\"Casas da Lia Trancoso\"}]},{\"@type\":\"WebSite\",\"@id\":\"https:\/\/www.casasdalia.com.br\/#website\",\"url\":\"https:\/\/www.casasdalia.com.br\/\",\"name\":\"Casas da Lia\",\"description\":\"Casas Privativas no Quadrado de Trancoso\",\"publisher\":{\"@id\":\"https:\/\/www.casasdalia.com.br\/#organization\"},\"potentialAction\":[{\"@type\":\"SearchAction\",\"target\":{\"@type\":\"EntryPoint\",\"urlTemplate\":\"https:\/\/www.casasdalia.com.br\/?s={search_term_string}\"},\"query-input\":{\"@type\":\"PropertyValueSpecification\",\"valueRequired\":true,\"valueName\":\"search_term_string\"}}],\"inLanguage\":\"en-US\"},{\"@type\":\"Organization\",\"@id\":\"https:\/\/www.casasdalia.com.br\/#organization\",\"name\":\"Casas da Lia\",\"url\":\"https:\/\/www.casasdalia.com.br\/\",\"logo\":{\"@type\":\"ImageObject\",\"inLanguage\":\"en-US\",\"@id\":\"https:\/\/www.casasdalia.com.br\/#\/schema\/logo\/image\/\",\"url\":\"https:\/\/www.casasdalia.com.br\/wp-content\/uploads\/2025\/05\/logo-casas-da-lia-trancoso-quadrado.webp\",\"contentUrl\":\"https:\/\/www.casasdalia.com.br\/wp-content\/uploads\/2025\/05\/logo-casas-da-lia-trancoso-quadrado.webp\",\"width\":250,\"height\":90,\"caption\":\"Casas da Lia\"},\"image\":{\"@id\":\"https:\/\/www.casasdalia.com.br\/#\/schema\/logo\/image\/\"},\"sameAs\":[\"https:\/\/www.facebook.com\/CasasDaLia\/\"]}]}<\/script>\n<!-- \/ Yoast SEO plugin. -->","yoast_head_json":{"title":"Casas da Lia Trancoso - Casas da Lia","robots":{"index":"index","follow":"follow","max-snippet":"max-snippet:-1","max-image-preview":"max-image-preview:large","max-video-preview":"max-video-preview:-1"},"canonical":"https:\/\/www.casasdalia.com.br\/en\/","og_locale":"en_US","og_type":"article","og_title":"Casas da Lia Trancoso - Casas da Lia","og_description":"No Quadrado, o cora\u00e7\u00e3o de Trancoso! \u00c9 o lugar ideal para se inspirar, relaxar e criar. Daqui, se v\u00ea o nascer da lua e do sol.Nas noites de lua nova, quando est\u00e1 mais escuro, \u00e9 uma del\u00edcia se perder olhando o c\u00e9u salpicado de estrelas.O jardim, que \u00e9 um peda\u00e7o da mata atl\u00e2ntica, recebe a [&hellip;]","og_url":"https:\/\/www.casasdalia.com.br\/en\/","og_site_name":"Casas da Lia","article_publisher":"https:\/\/www.facebook.com\/CasasDaLia\/","article_modified_time":"2025-10-18T08:50:25+00:00","og_image":[{"width":1920,"height":1280,"url":"https:\/\/www.casasdalia.com.br\/wp-content\/uploads\/2025\/06\/casas-da-lia-quadrado-vista-para-mar-trancoso-bahia-piscina-scaled.webp","type":"image\/webp"}],"twitter_card":"summary_large_image","twitter_misc":{"Est. reading time":"2 minutes"},"schema":{"@context":"https:\/\/schema.org","@graph":[{"@type":"WebPage","@id":"https:\/\/www.casasdalia.com.br\/","url":"https:\/\/www.casasdalia.com.br\/","name":"Casas da Lia Trancoso - Casas da Lia","isPartOf":{"@id":"https:\/\/www.casasdalia.com.br\/#website"},"primaryImageOfPage":{"@id":"https:\/\/www.casasdalia.com.br\/#primaryimage"},"image":{"@id":"https:\/\/www.casasdalia.com.br\/#primaryimage"},"thumbnailUrl":"https:\/\/www.casasdalia.com.br\/wp-content\/uploads\/2025\/06\/casas-da-lia-quadrado-vista-para-mar-trancoso-bahia-piscina-scaled.webp","datePublished":"2025-04-30T13:28:19+00:00","dateModified":"2025-10-18T08:50:25+00:00","breadcrumb":{"@id":"https:\/\/www.casasdalia.com.br\/#breadcrumb"},"inLanguage":"en-US","potentialAction":[{"@type":"ReadAction","target":["https:\/\/www.casasdalia.com.br\/"]}]},{"@type":"ImageObject","inLanguage":"en-US","@id":"https:\/\/www.casasdalia.com.br\/#primaryimage","url":"https:\/\/www.casasdalia.com.br\/wp-content\/uploads\/2025\/06\/casas-da-lia-quadrado-vista-para-mar-trancoso-bahia-piscina-scaled.webp","contentUrl":"https:\/\/www.casasdalia.com.br\/wp-content\/uploads\/2025\/06\/casas-da-lia-quadrado-vista-para-mar-trancoso-bahia-piscina-scaled.webp","width":1920,"height":1280},{"@type":"BreadcrumbList","@id":"https:\/\/www.casasdalia.com.br\/#breadcrumb","itemListElement":[{"@type":"ListItem","position":1,"name":"In\u00edcio","item":"https:\/\/www.casasdalia.com.br\/"},{"@type":"ListItem","position":2,"name":"Casas da Lia Trancoso"}]},{"@type":"WebSite","@id":"https:\/\/www.casasdalia.com.br\/#website","url":"https:\/\/www.casasdalia.com.br\/","name":"Lia's Houses","description":"Private Houses in Trancoso's Quadrado","publisher":{"@id":"https:\/\/www.casasdalia.com.br\/#organization"},"potentialAction":[{"@type":"SearchAction","target":{"@type":"EntryPoint","urlTemplate":"https:\/\/www.casasdalia.com.br\/?s={search_term_string}"},"query-input":{"@type":"PropertyValueSpecification","valueRequired":true,"valueName":"search_term_string"}}],"inLanguage":"en-US"},{"@type":"Organization","@id":"https:\/\/www.casasdalia.com.br\/#organization","name":"Lia's Houses","url":"https:\/\/www.casasdalia.com.br\/","logo":{"@type":"ImageObject","inLanguage":"en-US","@id":"https:\/\/www.casasdalia.com.br\/#\/schema\/logo\/image\/","url":"https:\/\/www.casasdalia.com.br\/wp-content\/uploads\/2025\/05\/logo-casas-da-lia-trancoso-quadrado.webp","contentUrl":"https:\/\/www.casasdalia.com.br\/wp-content\/uploads\/2025\/05\/logo-casas-da-lia-trancoso-quadrado.webp","width":250,"height":90,"caption":"Casas da Lia"},"image":{"@id":"https:\/\/www.casasdalia.com.br\/#\/schema\/logo\/image\/"},"sameAs":["https:\/\/www.facebook.com\/CasasDaLia\/"]}]}},"_links":{"self":[{"href":"https:\/\/www.casasdalia.com.br\/en\/wp-json\/wp\/v2\/pages\/32","targetHints":{"allow":["GET"]}}],"collection":[{"href":"https:\/\/www.casasdalia.com.br\/en\/wp-json\/wp\/v2\/pages"}],"about":[{"href":"https:\/\/www.casasdalia.com.br\/en\/wp-json\/wp\/v2\/types\/page"}],"author":[{"embeddable":true,"href":"https:\/\/www.casasdalia.com.br\/en\/wp-json\/wp\/v2\/users\/1"}],"replies":[{"embeddable":true,"href":"https:\/\/www.casasdalia.com.br\/en\/wp-json\/wp\/v2\/comments?post=32"}],"version-history":[{"count":202,"href":"https:\/\/www.casasdalia.com.br\/en\/wp-json\/wp\/v2\/pages\/32\/revisions"}],"predecessor-version":[{"id":3101,"href":"https:\/\/www.casasdalia.com.br\/en\/wp-json\/wp\/v2\/pages\/32\/revisions\/3101"}],"wp:featuredmedia":[{"embeddable":true,"href":"https:\/\/www.casasdalia.com.br\/en\/wp-json\/wp\/v2\/media\/76"}],"wp:attachment":[{"href":"https:\/\/www.casasdalia.com.br\/en\/wp-json\/wp\/v2\/media?parent=32"}],"curies":[{"name":"wp","href":"https:\/\/api.w.org\/{rel}","templated":true}]}}