{"id":12,"date":"2025-04-30T10:21:21","date_gmt":"2025-04-30T13:21:21","guid":{"rendered":"https:\/\/novo.casasdalia.com.br\/?page_id=12"},"modified":"2025-10-08T09:32:09","modified_gmt":"2025-10-08T12:32:09","slug":"casa-laranja","status":"publish","type":"page","link":"https:\/\/www.casasdalia.com.br\/en\/casa-laranja\/","title":{"rendered":"Orange House"},"content":{"rendered":"<div data-elementor-type=\"wp-page\" data-elementor-id=\"12\" class=\"elementor elementor-12\">\n\t\t\t\t<div class=\"elementor-element elementor-element-5d7cc50a e-flex e-con-boxed e-con e-parent\" data-id=\"5d7cc50a\" data-element_type=\"container\" data-e-type=\"container\">\n\t\t\t\t\t<div class=\"e-con-inner\">\n\t\t\t\t<div class=\"elementor-element elementor-element-14f67d64 elementor-widget elementor-widget-shortcode\" data-id=\"14f67d64\" data-element_type=\"widget\" data-e-type=\"widget\" data-widget_type=\"shortcode.default\">\n\t\t\t\t<div class=\"elementor-widget-container\">\n\t\t\t\t\t\t\t<div class=\"elementor-shortcode\"><div id=\"metaslider-id-2918\" style=\"width: 100%;\" class=\"ml-slider-3-106-0 metaslider metaslider-flex metaslider-2918 ml-slider has-carousel-mode ms-theme-default-base nav-hidden\" role=\"region\" aria-label=\"orange couple\" data-height=\"400\" data-width=\"700\">\n    <div id=\"metaslider_container_2918\">\n        <div id=\"metaslider_2918\">\n            <ul aria-live='off' class='slides'>\n                <li style=\"display: none; width: 100%;\" class=\"slide-2934 ms-image\" aria-roledescription=\"slide\" data-date=\"2025-10-07 07:25:44\" data-filename=\"Casa-Laranja-700x400.jpg\" data-slide-type=\"image\"><img fetchpriority=\"high\" decoding=\"async\" src=\"https:\/\/www.casasdalia.com.br\/wp-content\/uploads\/2025\/10\/Casa-Laranja-700x400.jpg\" height=\"400\" width=\"700\" alt=\"\" class=\"slider-2918 slide-2934 msDefaultImage\" title=\"Orange House\" \/><\/li>\n                <li style=\"display: none; width: 100%;\" class=\"slide-2935 ms-image\" aria-roledescription=\"slide\" data-date=\"2025-10-07 07:25:44\" data-filename=\"Casa-Laranja-Suite-vista-jardim-700x400.jpg\" data-slide-type=\"image\"><img decoding=\"async\" src=\"https:\/\/www.casasdalia.com.br\/wp-content\/uploads\/2025\/10\/Casa-Laranja-Suite-vista-jardim-700x400.jpg\" height=\"400\" width=\"700\" alt=\"\" class=\"slider-2918 slide-2935 msDefaultImage\" title=\"Casa Laranja Suite garden view\" \/><\/li>\n                <li style=\"display: none; width: 100%;\" class=\"slide-2936 ms-image\" aria-roledescription=\"slide\" data-date=\"2025-10-07 07:25:44\" data-filename=\"Casa-Laranja-Suite-Superior-700x400.jpg\" data-slide-type=\"image\"><img decoding=\"async\" src=\"https:\/\/www.casasdalia.com.br\/wp-content\/uploads\/2025\/10\/Casa-Laranja-Suite-Superior-700x400.jpg\" height=\"400\" width=\"700\" alt=\"\" class=\"slider-2918 slide-2936 msDefaultImage\" title=\"Casa Laranja Superior Suite\" \/><\/li>\n                <li style=\"display: none; width: 100%;\" class=\"slide-2937 ms-image\" aria-roledescription=\"slide\" data-date=\"2025-10-07 07:25:44\" data-filename=\"Casa-Laranja-Suite-Mar-700x400.jpg\" data-slide-type=\"image\"><img loading=\"lazy\" decoding=\"async\" src=\"https:\/\/www.casasdalia.com.br\/wp-content\/uploads\/2025\/10\/Casa-Laranja-Suite-Mar-700x400.jpg\" height=\"400\" width=\"700\" alt=\"\" class=\"slider-2918 slide-2937 msDefaultImage\" title=\"Casa Laranja Suite Mar\" \/><\/li>\n                <li style=\"display: none; width: 100%;\" class=\"slide-2938 ms-image\" aria-roledescription=\"slide\" data-date=\"2025-10-07 07:25:44\" data-filename=\"Casa-Laranja-sala-700x400.jpg\" data-slide-type=\"image\"><img loading=\"lazy\" decoding=\"async\" src=\"https:\/\/www.casasdalia.com.br\/wp-content\/uploads\/2025\/10\/Casa-Laranja-sala-700x400.jpg\" height=\"400\" width=\"700\" alt=\"\" class=\"slider-2918 slide-2938 msDefaultImage\" title=\"Orange House living room\" \/><\/li>\n                <li style=\"display: none; width: 100%;\" class=\"slide-2939 ms-image\" aria-roledescription=\"slide\" data-date=\"2025-10-07 07:25:44\" data-filename=\"Casa-Laranja-lavavo-700x400.jpg\" data-slide-type=\"image\"><img loading=\"lazy\" decoding=\"async\" src=\"https:\/\/www.casasdalia.com.br\/wp-content\/uploads\/2025\/10\/Casa-Laranja-lavavo-700x400.jpg\" height=\"400\" width=\"700\" alt=\"\" class=\"slider-2918 slide-2939 msDefaultImage\" title=\"Casa Laranja lavavo\" \/><\/li>\n                <li style=\"display: none; width: 100%;\" class=\"slide-2940 ms-image\" aria-roledescription=\"slide\" data-date=\"2025-10-07 07:25:44\" data-filename=\"Casa-Laranja-banheiro-Suite-Sup-700x400.jpg\" data-slide-type=\"image\"><img loading=\"lazy\" decoding=\"async\" src=\"https:\/\/www.casasdalia.com.br\/wp-content\/uploads\/2025\/10\/Casa-Laranja-banheiro-Suite-Sup-700x400.jpg\" height=\"400\" width=\"700\" alt=\"\" class=\"slider-2918 slide-2940 msDefaultImage\" title=\"Casa Laranja bathroom Suite Sup\" \/><\/li>\n                <li style=\"display: none; width: 100%;\" class=\"slide-2941 ms-image\" aria-roledescription=\"slide\" data-date=\"2025-10-07 07:25:44\" data-filename=\"Casa-Laranja-banheiro-Suite-Sup1-700x400.jpg\" data-slide-type=\"image\"><img loading=\"lazy\" decoding=\"async\" src=\"https:\/\/www.casasdalia.com.br\/wp-content\/uploads\/2025\/10\/Casa-Laranja-banheiro-Suite-Sup1-700x400.jpg\" height=\"400\" width=\"700\" alt=\"\" class=\"slider-2918 slide-2941 msDefaultImage\" title=\"Casa Laranja bathroom Suite Sup(1)\" \/><\/li>\n                <li style=\"display: none; width: 100%;\" class=\"slide-2942 ms-image\" aria-roledescription=\"slide\" data-date=\"2025-10-07 07:25:44\" data-filename=\"Casa-Laranja-banheiro-Suite-Mar-700x400.jpg\" data-slide-type=\"image\"><img loading=\"lazy\" decoding=\"async\" src=\"https:\/\/www.casasdalia.com.br\/wp-content\/uploads\/2025\/10\/Casa-Laranja-banheiro-Suite-Mar-700x400.jpg\" height=\"400\" width=\"700\" alt=\"\" class=\"slider-2918 slide-2942 msDefaultImage\" title=\"Casa Laranja bathroom Sea Suite\" \/><\/li>\n                <li style=\"display: none; width: 100%;\" class=\"slide-2943 ms-image\" aria-roledescription=\"slide\" data-date=\"2025-10-07 07:25:44\" data-filename=\"Casa-Laranja--700x400.jpg\" data-slide-type=\"image\"><img loading=\"lazy\" decoding=\"async\" src=\"https:\/\/www.casasdalia.com.br\/wp-content\/uploads\/2025\/10\/Casa-Laranja--700x400.jpg\" height=\"400\" width=\"700\" alt=\"\" class=\"slider-2918 slide-2943 msDefaultImage\" title=\"Orange House\" \/><\/li>\n            <\/ul>\n        <\/div>\n        \n    <\/div>\n<\/div><\/div>\n\t\t\t\t\t\t<\/div>\n\t\t\t\t<\/div>\n\t\t\t\t\t<\/div>\n\t\t\t\t<\/div>\n\t\t<div class=\"elementor-element elementor-element-79f78244 e-flex e-con-boxed e-con e-parent\" data-id=\"79f78244\" data-element_type=\"container\" data-e-type=\"container\">\n\t\t\t\t\t<div class=\"e-con-inner\">\n\t\t\t\t<div class=\"elementor-element elementor-element-1a303485 elementor-widget-divider--view-line elementor-widget elementor-widget-divider\" data-id=\"1a303485\" data-element_type=\"widget\" data-e-type=\"widget\" data-widget_type=\"divider.default\">\n\t\t\t\t<div class=\"elementor-widget-container\">\n\t\t\t\t\t\t\t<div class=\"elementor-divider\">\n\t\t\t<span class=\"elementor-divider-separator\">\n\t\t\t\t\t\t<\/span>\n\t\t<\/div>\n\t\t\t\t\t\t<\/div>\n\t\t\t\t<\/div>\n\t\t\t\t\t<\/div>\n\t\t\t\t<\/div>\n\t\t<div class=\"elementor-element elementor-element-55924276 e-flex e-con-boxed e-con e-parent\" data-id=\"55924276\" data-element_type=\"container\" data-e-type=\"container\">\n\t\t\t\t\t<div class=\"e-con-inner\">\n\t\t<div class=\"elementor-element elementor-element-17c8e862 e-con-full e-flex e-con e-child\" data-id=\"17c8e862\" data-element_type=\"container\" data-e-type=\"container\">\n\t\t<div class=\"elementor-element elementor-element-37dbb6f0 e-con-full e-flex e-con e-child\" data-id=\"37dbb6f0\" data-element_type=\"container\" data-e-type=\"container\">\n\t\t\t\t<div class=\"elementor-element elementor-element-79c5de6c elementor-widget elementor-widget-heading\" data-id=\"79c5de6c\" data-element_type=\"widget\" data-e-type=\"widget\" data-widget_type=\"heading.default\">\n\t\t\t\t<div class=\"elementor-widget-container\">\n\t\t\t\t\t<h2 class=\"elementor-heading-title elementor-size-default\">Orange House<\/h2>\t\t\t\t<\/div>\n\t\t\t\t<\/div>\n\t\t\t\t<\/div>\n\t\t\t\t<\/div>\n\t\t\t\t\t<\/div>\n\t\t\t\t<\/div>\n\t\t<div class=\"elementor-element elementor-element-705b820a e-grid e-con-boxed e-con e-parent\" data-id=\"705b820a\" data-element_type=\"container\" data-e-type=\"container\">\n\t\t\t\t\t<div class=\"e-con-inner\">\n\t\t<div class=\"elementor-element elementor-element-1878f585 e-con-full e-flex e-con e-child\" data-id=\"1878f585\" data-element_type=\"container\" data-e-type=\"container\" data-settings=\"{&quot;background_background&quot;:&quot;classic&quot;}\">\n\t\t\t\t<div class=\"elementor-element elementor-element-3f57e930 elementor-widget elementor-widget-image\" data-id=\"3f57e930\" data-element_type=\"widget\" data-e-type=\"widget\" data-widget_type=\"image.default\">\n\t\t\t\t<div class=\"elementor-widget-container\">\n\t\t\t\t\t\t\t\t\t\t\t\t<figure class=\"wp-caption\">\n\t\t\t\t\t\t\t\t\t\t<img decoding=\"async\" src=\"https:\/\/www.casasdalia.com.br\/wp-content\/uploads\/2025\/09\/pessoas.png\" title=\"\" alt=\"\" loading=\"lazy\" \/>\t\t\t\t\t\t\t\t\t\t\t<figcaption class=\"widget-image-caption wp-caption-text\">6 people<\/figcaption>\n\t\t\t\t\t\t\t\t\t\t<\/figure>\n\t\t\t\t\t\t\t\t\t<\/div>\n\t\t\t\t<\/div>\n\t\t\t\t<\/div>\n\t\t<div class=\"elementor-element elementor-element-3fd794a4 e-con-full e-flex e-con e-child\" data-id=\"3fd794a4\" data-element_type=\"container\" data-e-type=\"container\" data-settings=\"{&quot;background_background&quot;:&quot;classic&quot;}\">\n\t\t\t\t<div class=\"elementor-element elementor-element-6f9b97b elementor-widget elementor-widget-image\" data-id=\"6f9b97b\" data-element_type=\"widget\" data-e-type=\"widget\" data-widget_type=\"image.default\">\n\t\t\t\t<div class=\"elementor-widget-container\">\n\t\t\t\t\t\t\t\t\t\t\t\t<figure class=\"wp-caption\">\n\t\t\t\t\t\t\t\t\t\t<img decoding=\"async\" src=\"https:\/\/www.casasdalia.com.br\/wp-content\/uploads\/2025\/09\/suite.png\" title=\"\" alt=\"\" loading=\"lazy\" \/>\t\t\t\t\t\t\t\t\t\t\t<figcaption class=\"widget-image-caption wp-caption-text\">3 suites<\/figcaption>\n\t\t\t\t\t\t\t\t\t\t<\/figure>\n\t\t\t\t\t\t\t\t\t<\/div>\n\t\t\t\t<\/div>\n\t\t\t\t<\/div>\n\t\t<div class=\"elementor-element elementor-element-7eaee8d9 e-con-full e-flex e-con e-child\" data-id=\"7eaee8d9\" data-element_type=\"container\" data-e-type=\"container\" data-settings=\"{&quot;background_background&quot;:&quot;classic&quot;}\">\n\t\t\t\t<div class=\"elementor-element elementor-element-22a6b0f4 elementor-widget elementor-widget-image\" data-id=\"22a6b0f4\" data-element_type=\"widget\" data-e-type=\"widget\" data-widget_type=\"image.default\">\n\t\t\t\t<div class=\"elementor-widget-container\">\n\t\t\t\t\t\t\t\t\t\t\t\t<figure class=\"wp-caption\">\n\t\t\t\t\t\t\t\t\t\t<img decoding=\"async\" src=\"https:\/\/www.casasdalia.com.br\/wp-content\/uploads\/2025\/09\/metros.png\" title=\"\" alt=\"\" loading=\"lazy\" \/>\t\t\t\t\t\t\t\t\t\t\t<figcaption class=\"widget-image-caption wp-caption-text\">250m<\/figcaption>\n\t\t\t\t\t\t\t\t\t\t<\/figure>\n\t\t\t\t\t\t\t\t\t<\/div>\n\t\t\t\t<\/div>\n\t\t\t\t<\/div>\n\t\t<div class=\"elementor-element elementor-element-2326fd38 e-con-full e-flex e-con e-child\" data-id=\"2326fd38\" data-element_type=\"container\" data-e-type=\"container\" data-settings=\"{&quot;background_background&quot;:&quot;classic&quot;}\">\n\t\t\t\t<div class=\"elementor-element elementor-element-7951ae6b elementor-widget elementor-widget-image\" data-id=\"7951ae6b\" data-element_type=\"widget\" data-e-type=\"widget\" data-widget_type=\"image.default\">\n\t\t\t\t<div class=\"elementor-widget-container\">\n\t\t\t\t\t\t\t\t\t\t\t\t<figure class=\"wp-caption\">\n\t\t\t\t\t\t\t\t\t\t<img decoding=\"async\" src=\"https:\/\/www.casasdalia.com.br\/wp-content\/uploads\/2025\/09\/view.png\" title=\"\" alt=\"\" loading=\"lazy\" \/>\t\t\t\t\t\t\t\t\t\t\t<figcaption class=\"widget-image-caption wp-caption-text\">Sea view<\/figcaption>\n\t\t\t\t\t\t\t\t\t\t<\/figure>\n\t\t\t\t\t\t\t\t\t<\/div>\n\t\t\t\t<\/div>\n\t\t\t\t<\/div>\n\t\t\t\t\t<\/div>\n\t\t\t\t<\/div>\n\t\t<div class=\"elementor-element elementor-element-74400bb2 e-grid e-con-boxed e-con e-parent\" data-id=\"74400bb2\" data-element_type=\"container\" data-e-type=\"container\">\n\t\t\t\t\t<div class=\"e-con-inner\">\n\t\t\t\t<div class=\"elementor-element elementor-element-2f8ab687 elementor-widget elementor-widget-text-editor\" data-id=\"2f8ab687\" data-element_type=\"widget\" data-e-type=\"widget\" data-widget_type=\"text-editor.default\">\n\t\t\t\t<div class=\"elementor-widget-container\">\n\t\t\t\t\t\t\t\t\t<p style=\"box-sizing: inherit; margin-top: 0px; margin-bottom: 1rem; color: #1c1c1c; text-align: start;\">For groups of up to six people, Casa Laranja is a delight!<br \/><span style=\"font-size: 1rem;\">Full kitchen and staff available for cleaning, shopping and preparing breakfast, lunch or snacks to make the most of your days by the pool.<br \/><\/span><span style=\"font-size: 1rem;\">Air conditioning in all suites, guest toilet, fully-equipped kitchen, living room with TV, patio, swimming pool and stunning garden.<br \/><\/span><span style=\"font-size: 1rem;\">Designed to make the most of the beautiful 360-degree view, from the entire Superior Suite of Casa Laranja you can see the beach, the forest, the garden and the swimming pool.<br \/><\/span><span style=\"font-size: 1rem;\">With a queen-size bed, mosquito net, sofa, bathroom with an incredible view, air conditioning, TV and minibar.<\/span><\/p>\t\t\t\t\t\t\t\t<\/div>\n\t\t\t\t<\/div>\n\t\t\t\t<div class=\"elementor-element elementor-element-6dc8a136 elementor-widget elementor-widget-text-editor\" data-id=\"6dc8a136\" data-element_type=\"widget\" data-e-type=\"widget\" data-widget_type=\"text-editor.default\">\n\t\t\t\t<div class=\"elementor-widget-container\">\n\t\t\t\t\t\t\t\t\t<p><span style=\"font-size: 1rem;\">&nbsp;3 Suites with balcony<br><\/span>&nbsp;Air conditioning<br>&nbsp;Social bathroom<br>&nbsp;Outside toilet<br>&nbsp;Dining room<br>&nbsp;Living room<br>&nbsp;TV room<br>&nbsp;Wifi Internet<br>&nbsp;Apple TV<br>&nbsp;Full kitchen<br>&nbsp;Swimming pool<br>&nbsp;Wonderful staff \u2764<\/p>\t\t\t\t\t\t\t\t<\/div>\n\t\t\t\t<\/div>\n\t\t\t\t\t<\/div>\n\t\t\t\t<\/div>\n\t\t<div class=\"elementor-element elementor-element-1aefa54d e-flex e-con-boxed e-con e-parent\" data-id=\"1aefa54d\" data-element_type=\"container\" data-e-type=\"container\">\n\t\t\t\t\t<div class=\"e-con-inner\">\n\t\t\t\t\t<\/div>\n\t\t\t\t<\/div>\n\t\t\t\t<\/div>","protected":false},"excerpt":{"rendered":"<p>Casa Laranja 6 pessoas 3 su\u00edtes 250m Vista mar Para grupos de at\u00e9 seis pessoas, a Casa Laranja \u00e9 uma del\u00edcia!Cozinha completa e staff \u00e0 disposi\u00e7\u00e3o para limpeza, compras e preparo de caf\u00e9 da manh\u00e3, almo\u00e7o ou petiscos para se aproveitar os dias curtindo a piscina.Ar condicionado em todas as su\u00edtes, lavabo, cozinha completa, sala [&hellip;]<\/p>\n","protected":false},"author":1,"featured_media":78,"parent":0,"menu_order":0,"comment_status":"closed","ping_status":"closed","template":"elementor_header_footer","meta":{"footnotes":""},"class_list":["post-12","page","type-page","status-publish","has-post-thumbnail","hentry"],"yoast_head":"<!-- This site is optimized with the Yoast SEO plugin v27.2 - https:\/\/yoast.com\/product\/yoast-seo-wordpress\/ -->\n<title>Casa Laranja - Casas da Lia<\/title>\n<meta name=\"robots\" content=\"index, follow, max-snippet:-1, max-image-preview:large, max-video-preview:-1\" \/>\n<link rel=\"canonical\" href=\"https:\/\/www.casasdalia.com.br\/en\/casa-laranja\/\" \/>\n<meta property=\"og:locale\" content=\"en_US\" \/>\n<meta property=\"og:type\" content=\"article\" \/>\n<meta property=\"og:title\" content=\"Casa Laranja - Casas da Lia\" \/>\n<meta property=\"og:description\" content=\"Casa Laranja 6 pessoas 3 su\u00edtes 250m Vista mar Para grupos de at\u00e9 seis pessoas, a Casa Laranja \u00e9 uma del\u00edcia!Cozinha completa e staff \u00e0 disposi\u00e7\u00e3o para limpeza, compras e preparo de caf\u00e9 da manh\u00e3, almo\u00e7o ou petiscos para se aproveitar os dias curtindo a piscina.Ar condicionado em todas as su\u00edtes, lavabo, cozinha completa, sala [&hellip;]\" \/>\n<meta property=\"og:url\" content=\"https:\/\/www.casasdalia.com.br\/en\/casa-laranja\/\" \/>\n<meta property=\"og:site_name\" content=\"Casas da Lia\" \/>\n<meta property=\"article:publisher\" content=\"https:\/\/www.facebook.com\/CasasDaLia\/\" \/>\n<meta property=\"article:modified_time\" content=\"2025-10-08T12:32:09+00:00\" \/>\n<meta property=\"og:image\" content=\"https:\/\/www.casasdalia.com.br\/wp-content\/uploads\/2025\/06\/casas-da-lia-quadrado-vista-para-mar-trancoso-bahia-scaled.webp\" \/>\n\t<meta property=\"og:image:width\" content=\"1920\" \/>\n\t<meta property=\"og:image:height\" content=\"1280\" \/>\n\t<meta property=\"og:image:type\" content=\"image\/webp\" \/>\n<meta name=\"twitter:card\" content=\"summary_large_image\" \/>\n<meta name=\"twitter:label1\" content=\"Est. reading time\" \/>\n\t<meta name=\"twitter:data1\" content=\"2 minutes\" \/>\n<script type=\"application\/ld+json\" class=\"yoast-schema-graph\">{\"@context\":\"https:\/\/schema.org\",\"@graph\":[{\"@type\":\"WebPage\",\"@id\":\"https:\/\/www.casasdalia.com.br\/casa-laranja\/\",\"url\":\"https:\/\/www.casasdalia.com.br\/casa-laranja\/\",\"name\":\"Casa Laranja - Casas da Lia\",\"isPartOf\":{\"@id\":\"https:\/\/www.casasdalia.com.br\/#website\"},\"primaryImageOfPage\":{\"@id\":\"https:\/\/www.casasdalia.com.br\/casa-laranja\/#primaryimage\"},\"image\":{\"@id\":\"https:\/\/www.casasdalia.com.br\/casa-laranja\/#primaryimage\"},\"thumbnailUrl\":\"https:\/\/www.casasdalia.com.br\/wp-content\/uploads\/2025\/06\/casas-da-lia-quadrado-vista-para-mar-trancoso-bahia-scaled.webp\",\"datePublished\":\"2025-04-30T13:21:21+00:00\",\"dateModified\":\"2025-10-08T12:32:09+00:00\",\"breadcrumb\":{\"@id\":\"https:\/\/www.casasdalia.com.br\/casa-laranja\/#breadcrumb\"},\"inLanguage\":\"en-US\",\"potentialAction\":[{\"@type\":\"ReadAction\",\"target\":[\"https:\/\/www.casasdalia.com.br\/casa-laranja\/\"]}]},{\"@type\":\"ImageObject\",\"inLanguage\":\"en-US\",\"@id\":\"https:\/\/www.casasdalia.com.br\/casa-laranja\/#primaryimage\",\"url\":\"https:\/\/www.casasdalia.com.br\/wp-content\/uploads\/2025\/06\/casas-da-lia-quadrado-vista-para-mar-trancoso-bahia-scaled.webp\",\"contentUrl\":\"https:\/\/www.casasdalia.com.br\/wp-content\/uploads\/2025\/06\/casas-da-lia-quadrado-vista-para-mar-trancoso-bahia-scaled.webp\",\"width\":1920,\"height\":1280},{\"@type\":\"BreadcrumbList\",\"@id\":\"https:\/\/www.casasdalia.com.br\/casa-laranja\/#breadcrumb\",\"itemListElement\":[{\"@type\":\"ListItem\",\"position\":1,\"name\":\"In\u00edcio\",\"item\":\"https:\/\/www.casasdalia.com.br\/\"},{\"@type\":\"ListItem\",\"position\":2,\"name\":\"Casa Laranja\"}]},{\"@type\":\"WebSite\",\"@id\":\"https:\/\/www.casasdalia.com.br\/#website\",\"url\":\"https:\/\/www.casasdalia.com.br\/\",\"name\":\"Casas da Lia\",\"description\":\"Casas Privativas no Quadrado de Trancoso\",\"publisher\":{\"@id\":\"https:\/\/www.casasdalia.com.br\/#organization\"},\"potentialAction\":[{\"@type\":\"SearchAction\",\"target\":{\"@type\":\"EntryPoint\",\"urlTemplate\":\"https:\/\/www.casasdalia.com.br\/?s={search_term_string}\"},\"query-input\":{\"@type\":\"PropertyValueSpecification\",\"valueRequired\":true,\"valueName\":\"search_term_string\"}}],\"inLanguage\":\"en-US\"},{\"@type\":\"Organization\",\"@id\":\"https:\/\/www.casasdalia.com.br\/#organization\",\"name\":\"Casas da Lia\",\"url\":\"https:\/\/www.casasdalia.com.br\/\",\"logo\":{\"@type\":\"ImageObject\",\"inLanguage\":\"en-US\",\"@id\":\"https:\/\/www.casasdalia.com.br\/#\/schema\/logo\/image\/\",\"url\":\"https:\/\/www.casasdalia.com.br\/wp-content\/uploads\/2025\/05\/logo-casas-da-lia-trancoso-quadrado.webp\",\"contentUrl\":\"https:\/\/www.casasdalia.com.br\/wp-content\/uploads\/2025\/05\/logo-casas-da-lia-trancoso-quadrado.webp\",\"width\":250,\"height\":90,\"caption\":\"Casas da Lia\"},\"image\":{\"@id\":\"https:\/\/www.casasdalia.com.br\/#\/schema\/logo\/image\/\"},\"sameAs\":[\"https:\/\/www.facebook.com\/CasasDaLia\/\"]}]}<\/script>\n<!-- \/ Yoast SEO plugin. -->","yoast_head_json":{"title":"Casa Laranja - Casas da Lia","robots":{"index":"index","follow":"follow","max-snippet":"max-snippet:-1","max-image-preview":"max-image-preview:large","max-video-preview":"max-video-preview:-1"},"canonical":"https:\/\/www.casasdalia.com.br\/en\/casa-laranja\/","og_locale":"en_US","og_type":"article","og_title":"Casa Laranja - Casas da Lia","og_description":"Casa Laranja 6 pessoas 3 su\u00edtes 250m Vista mar Para grupos de at\u00e9 seis pessoas, a Casa Laranja \u00e9 uma del\u00edcia!Cozinha completa e staff \u00e0 disposi\u00e7\u00e3o para limpeza, compras e preparo de caf\u00e9 da manh\u00e3, almo\u00e7o ou petiscos para se aproveitar os dias curtindo a piscina.Ar condicionado em todas as su\u00edtes, lavabo, cozinha completa, sala [&hellip;]","og_url":"https:\/\/www.casasdalia.com.br\/en\/casa-laranja\/","og_site_name":"Casas da Lia","article_publisher":"https:\/\/www.facebook.com\/CasasDaLia\/","article_modified_time":"2025-10-08T12:32:09+00:00","og_image":[{"width":1920,"height":1280,"url":"https:\/\/www.casasdalia.com.br\/wp-content\/uploads\/2025\/06\/casas-da-lia-quadrado-vista-para-mar-trancoso-bahia-scaled.webp","type":"image\/webp"}],"twitter_card":"summary_large_image","twitter_misc":{"Est. reading time":"2 minutes"},"schema":{"@context":"https:\/\/schema.org","@graph":[{"@type":"WebPage","@id":"https:\/\/www.casasdalia.com.br\/casa-laranja\/","url":"https:\/\/www.casasdalia.com.br\/casa-laranja\/","name":"Casa Laranja - Casas da Lia","isPartOf":{"@id":"https:\/\/www.casasdalia.com.br\/#website"},"primaryImageOfPage":{"@id":"https:\/\/www.casasdalia.com.br\/casa-laranja\/#primaryimage"},"image":{"@id":"https:\/\/www.casasdalia.com.br\/casa-laranja\/#primaryimage"},"thumbnailUrl":"https:\/\/www.casasdalia.com.br\/wp-content\/uploads\/2025\/06\/casas-da-lia-quadrado-vista-para-mar-trancoso-bahia-scaled.webp","datePublished":"2025-04-30T13:21:21+00:00","dateModified":"2025-10-08T12:32:09+00:00","breadcrumb":{"@id":"https:\/\/www.casasdalia.com.br\/casa-laranja\/#breadcrumb"},"inLanguage":"en-US","potentialAction":[{"@type":"ReadAction","target":["https:\/\/www.casasdalia.com.br\/casa-laranja\/"]}]},{"@type":"ImageObject","inLanguage":"en-US","@id":"https:\/\/www.casasdalia.com.br\/casa-laranja\/#primaryimage","url":"https:\/\/www.casasdalia.com.br\/wp-content\/uploads\/2025\/06\/casas-da-lia-quadrado-vista-para-mar-trancoso-bahia-scaled.webp","contentUrl":"https:\/\/www.casasdalia.com.br\/wp-content\/uploads\/2025\/06\/casas-da-lia-quadrado-vista-para-mar-trancoso-bahia-scaled.webp","width":1920,"height":1280},{"@type":"BreadcrumbList","@id":"https:\/\/www.casasdalia.com.br\/casa-laranja\/#breadcrumb","itemListElement":[{"@type":"ListItem","position":1,"name":"In\u00edcio","item":"https:\/\/www.casasdalia.com.br\/"},{"@type":"ListItem","position":2,"name":"Casa Laranja"}]},{"@type":"WebSite","@id":"https:\/\/www.casasdalia.com.br\/#website","url":"https:\/\/www.casasdalia.com.br\/","name":"Lia's Houses","description":"Private Houses in Trancoso's Quadrado","publisher":{"@id":"https:\/\/www.casasdalia.com.br\/#organization"},"potentialAction":[{"@type":"SearchAction","target":{"@type":"EntryPoint","urlTemplate":"https:\/\/www.casasdalia.com.br\/?s={search_term_string}"},"query-input":{"@type":"PropertyValueSpecification","valueRequired":true,"valueName":"search_term_string"}}],"inLanguage":"en-US"},{"@type":"Organization","@id":"https:\/\/www.casasdalia.com.br\/#organization","name":"Lia's Houses","url":"https:\/\/www.casasdalia.com.br\/","logo":{"@type":"ImageObject","inLanguage":"en-US","@id":"https:\/\/www.casasdalia.com.br\/#\/schema\/logo\/image\/","url":"https:\/\/www.casasdalia.com.br\/wp-content\/uploads\/2025\/05\/logo-casas-da-lia-trancoso-quadrado.webp","contentUrl":"https:\/\/www.casasdalia.com.br\/wp-content\/uploads\/2025\/05\/logo-casas-da-lia-trancoso-quadrado.webp","width":250,"height":90,"caption":"Casas da Lia"},"image":{"@id":"https:\/\/www.casasdalia.com.br\/#\/schema\/logo\/image\/"},"sameAs":["https:\/\/www.facebook.com\/CasasDaLia\/"]}]}},"_links":{"self":[{"href":"https:\/\/www.casasdalia.com.br\/en\/wp-json\/wp\/v2\/pages\/12","targetHints":{"allow":["GET"]}}],"collection":[{"href":"https:\/\/www.casasdalia.com.br\/en\/wp-json\/wp\/v2\/pages"}],"about":[{"href":"https:\/\/www.casasdalia.com.br\/en\/wp-json\/wp\/v2\/types\/page"}],"author":[{"embeddable":true,"href":"https:\/\/www.casasdalia.com.br\/en\/wp-json\/wp\/v2\/users\/1"}],"replies":[{"embeddable":true,"href":"https:\/\/www.casasdalia.com.br\/en\/wp-json\/wp\/v2\/comments?post=12"}],"version-history":[{"count":16,"href":"https:\/\/www.casasdalia.com.br\/en\/wp-json\/wp\/v2\/pages\/12\/revisions"}],"predecessor-version":[{"id":3014,"href":"https:\/\/www.casasdalia.com.br\/en\/wp-json\/wp\/v2\/pages\/12\/revisions\/3014"}],"wp:featuredmedia":[{"embeddable":true,"href":"https:\/\/www.casasdalia.com.br\/en\/wp-json\/wp\/v2\/media\/78"}],"wp:attachment":[{"href":"https:\/\/www.casasdalia.com.br\/en\/wp-json\/wp\/v2\/media?parent=12"}],"curies":[{"name":"wp","href":"https:\/\/api.w.org\/{rel}","templated":true}]}}